{"id":2952,"date":"2025-01-23T12:05:28","date_gmt":"2025-01-23T12:05:28","guid":{"rendered":"https:\/\/www.immosol.fr\/blog\/?page_id=2952"},"modified":"2026-03-13T14:37:07","modified_gmt":"2026-03-13T14:37:07","slug":"offres-exclusives-cannes","status":"publish","type":"page","link":"https:\/\/www.immosol.fr\/blog\/offres-exclusives-cannes\/","title":{"rendered":"Offres exclusives pour le MIPIM 2026 : nos derni\u00e8res disponibilit\u00e9s"},"content":{"rendered":"\t\t<div data-elementor-type=\"wp-page\" data-elementor-id=\"2952\" class=\"elementor elementor-2952\" data-elementor-post-type=\"page\">\n\t\t\t\t<div class=\"elementor-element elementor-element-35b3ceb e-con-full e-flex e-con e-parent\" data-id=\"35b3ceb\" data-element_type=\"container\" data-e-type=\"container\" data-settings=\"{&quot;background_background&quot;:&quot;classic&quot;}\">\n\t\t<div class=\"elementor-element elementor-element-5d589b4 e-flex e-con-boxed e-con e-child\" data-id=\"5d589b4\" data-element_type=\"container\" data-e-type=\"container\">\n\t\t\t\t\t<div class=\"e-con-inner\">\n\t\t<div class=\"elementor-element elementor-element-c527a97 e-con-full e-flex e-con e-child\" data-id=\"c527a97\" data-element_type=\"container\" data-e-type=\"container\" data-settings=\"{&quot;background_background&quot;:&quot;classic&quot;}\">\n\t\t\t\t<div class=\"elementor-element elementor-element-6069692 elementor-widget elementor-widget-heading\" data-id=\"6069692\" data-element_type=\"widget\" data-e-type=\"widget\" data-widget_type=\"heading.default\">\n\t\t\t\t<div class=\"elementor-widget-container\">\n\t\t\t\t\t<h1 class=\"elementor-heading-title elementor-size-default\">Offres exclusives pour le MIPIM 2026 : nos derni\u00e8res disponibilit\u00e9s<\/h1>\t\t\t\t<\/div>\n\t\t\t\t<\/div>\n\t\t\t\t<\/div>\n\t\t\t\t\t<\/div>\n\t\t\t\t<\/div>\n\t\t\t\t<\/div>\n\t\t<div class=\"elementor-element elementor-element-7fb6d68 e-flex e-con-boxed e-con e-parent\" data-id=\"7fb6d68\" data-element_type=\"container\" data-e-type=\"container\">\n\t\t\t\t\t<div class=\"e-con-inner\">\n\t\t\t\t<div class=\"elementor-element elementor-element-7494dda elementor-blockquote--skin-border elementor-widget elementor-widget-blockquote\" data-id=\"7494dda\" data-element_type=\"widget\" data-e-type=\"widget\" data-widget_type=\"blockquote.default\">\n\t\t\t\t<div class=\"elementor-widget-container\">\n\t\t\t\t\t\t\t<blockquote class=\"elementor-blockquote\">\n\t\t\t<p class=\"elementor-blockquote__content\">\n\t\t\t\t-5% de r\u00e9duction imm\u00e9diate sur une s\u00e9lection de locations de vacances pour votre s\u00e9jour du 7\/03\/2026 au 14\/03\/2026 \u00e0 l'occasion du MIPIM \u00e0 Cannes. \t\t\t<\/p>\n\t\t\t\t\t<\/blockquote>\n\t\t\t\t\t\t<\/div>\n\t\t\t\t<\/div>\n\t\t\t\t\t<\/div>\n\t\t\t\t<\/div>\n\t\t<div class=\"elementor-element elementor-element-1d544d6 e-flex e-con-boxed e-con e-parent\" data-id=\"1d544d6\" data-element_type=\"container\" data-e-type=\"container\">\n\t\t\t\t\t<div class=\"e-con-inner\">\n\t\t<div class=\"elementor-element elementor-element-9270e77 e-con-full e-flex e-con e-child\" data-id=\"9270e77\" data-element_type=\"container\" data-e-type=\"container\">\n\t\t\t\t<div class=\"elementor-element elementor-element-d6b410c elementor-cta--skin-cover elementor-animated-content elementor-bg-transform elementor-bg-transform-zoom-in elementor-widget elementor-widget-call-to-action\" data-id=\"d6b410c\" data-element_type=\"widget\" data-e-type=\"widget\" data-widget_type=\"call-to-action.default\">\n\t\t\t\t<div class=\"elementor-widget-container\">\n\t\t\t\t\t\t\t<a class=\"elementor-cta\" href=\"https:\/\/www.immosol.fr\/location\/appartement-cannes-fon5581-2-pieces-terrasse-vue-mer-gallia-375854.html\">\n\t\t\t\t\t<div class=\"elementor-cta__bg-wrapper\">\n\t\t\t\t<div class=\"elementor-cta__bg elementor-bg\" style=\"background-image: url(https:\/\/www.immosol.fr\/blog\/wp-content\/uploads\/2026\/02\/appartement-4-personnes-cannes.jpg);\" role=\"img\" aria-label=\"appartement 4 personnes\"><\/div>\n\t\t\t\t<div class=\"elementor-cta__bg-overlay\"><\/div>\n\t\t\t<\/div>\n\t\t\t\t\t\t\t<div class=\"elementor-cta__content\">\n\t\t\t\t\n\t\t\t\t\t\t\t\t\t<h3 class=\"elementor-cta__title elementor-cta__content-item elementor-content-item elementor-animated-item--grow\">\n\t\t\t\t\t\tAppartement 4 personnes\t\t\t\t\t<\/h3>\n\t\t\t\t\n\t\t\t\t\t\t\t\t\t<div class=\"elementor-cta__description elementor-cta__content-item elementor-content-item elementor-animated-item--grow\">\n\t\t\t\t\t\tD\u00e8s 123\u20ac\/nuit\n<br>\nFON5581\t\t\t\t\t<\/div>\n\t\t\t\t\n\t\t\t\t\t\t\t\t\t<div class=\"elementor-cta__button-wrapper elementor-cta__content-item elementor-content-item elementor-animated-item--grow\">\n\t\t\t\t\t<span class=\"elementor-cta__button elementor-button elementor-size-\">\n\t\t\t\t\t\tR\u00e9server\t\t\t\t\t<\/span>\n\t\t\t\t\t<\/div>\n\t\t\t\t\t\t\t<\/div>\n\t\t\t\t\t\t<\/a>\n\t\t\t\t\t\t<\/div>\n\t\t\t\t<\/div>\n\t\t\t\t<\/div>\n\t\t<div class=\"elementor-element elementor-element-b6a05ae e-con-full e-flex e-con e-child\" data-id=\"b6a05ae\" data-element_type=\"container\" data-e-type=\"container\">\n\t\t\t\t<div class=\"elementor-element elementor-element-9968bcb elementor-cta--skin-cover elementor-animated-content elementor-bg-transform elementor-bg-transform-zoom-in elementor-widget elementor-widget-call-to-action\" data-id=\"9968bcb\" data-element_type=\"widget\" data-e-type=\"widget\" data-widget_type=\"call-to-action.default\">\n\t\t\t\t<div class=\"elementor-widget-container\">\n\t\t\t\t\t\t\t<a class=\"elementor-cta\" href=\"https:\/\/www.immosol.fr\/location\/studio-cannes-gues409-studio-avec-piscine-montfleury-419137.html\">\n\t\t\t\t\t<div class=\"elementor-cta__bg-wrapper\">\n\t\t\t\t<div class=\"elementor-cta__bg elementor-bg\" style=\"background-image: url(https:\/\/www.immosol.fr\/blog\/wp-content\/uploads\/2024\/11\/location-studio-montfleury-cannes-mipim.jpg);\" role=\"img\" aria-label=\"location studio montfleury cannes mipim\"><\/div>\n\t\t\t\t<div class=\"elementor-cta__bg-overlay\"><\/div>\n\t\t\t<\/div>\n\t\t\t\t\t\t\t<div class=\"elementor-cta__content\">\n\t\t\t\t\n\t\t\t\t\t\t\t\t\t<h3 class=\"elementor-cta__title elementor-cta__content-item elementor-content-item elementor-animated-item--grow\">\n\t\t\t\t\t\tStudio Montfleury\t\t\t\t\t<\/h3>\n\t\t\t\t\n\t\t\t\t\t\t\t\t\t<div class=\"elementor-cta__description elementor-cta__content-item elementor-content-item elementor-animated-item--grow\">\n\t\t\t\t\t\tD\u00e8s 90\u20ac\/nuit<br>\nGUES409\t\t\t\t\t<\/div>\n\t\t\t\t\n\t\t\t\t\t\t\t\t\t<div class=\"elementor-cta__button-wrapper elementor-cta__content-item elementor-content-item elementor-animated-item--grow\">\n\t\t\t\t\t<span class=\"elementor-cta__button elementor-button elementor-size-\">\n\t\t\t\t\t\tR\u00e9server\t\t\t\t\t<\/span>\n\t\t\t\t\t<\/div>\n\t\t\t\t\t\t\t<\/div>\n\t\t\t\t\t\t<\/a>\n\t\t\t\t\t\t<\/div>\n\t\t\t\t<\/div>\n\t\t\t\t<\/div>\n\t\t<div class=\"elementor-element elementor-element-2acd0aa e-con-full e-flex e-con e-child\" data-id=\"2acd0aa\" data-element_type=\"container\" data-e-type=\"container\">\n\t\t\t\t<div class=\"elementor-element elementor-element-ba11dc4 elementor-cta--skin-cover elementor-animated-content elementor-bg-transform elementor-bg-transform-zoom-in elementor-widget elementor-widget-call-to-action\" data-id=\"ba11dc4\" data-element_type=\"widget\" data-e-type=\"widget\" data-widget_type=\"call-to-action.default\">\n\t\t\t\t<div class=\"elementor-widget-container\">\n\t\t\t\t\t\t\t<a class=\"elementor-cta\" href=\"https:\/\/www.immosol.fr\/location\/appartement-cannes-bellavista-bel-appartement-avec-vue-sur-la-mer-397502.html\">\n\t\t\t\t\t<div class=\"elementor-cta__bg-wrapper\">\n\t\t\t\t<div class=\"elementor-cta__bg elementor-bg\" style=\"background-image: url(https:\/\/www.immosol.fr\/blog\/wp-content\/uploads\/2026\/02\/appartement-vue-mer-cannes.jpg);\" role=\"img\" aria-label=\"appartement vue mer cannes\"><\/div>\n\t\t\t\t<div class=\"elementor-cta__bg-overlay\"><\/div>\n\t\t\t<\/div>\n\t\t\t\t\t\t\t<div class=\"elementor-cta__content\">\n\t\t\t\t\n\t\t\t\t\t\t\t\t\t<h3 class=\"elementor-cta__title elementor-cta__content-item elementor-content-item elementor-animated-item--grow\">\n\t\t\t\t\t\tAppartement vue mer\t\t\t\t\t<\/h3>\n\t\t\t\t\n\t\t\t\t\t\t\t\t\t<div class=\"elementor-cta__description elementor-cta__content-item elementor-content-item elementor-animated-item--grow\">\n\t\t\t\t\t\tD\u00e8s 216\u20ac\/nuit<br>\nBELLAVISTA\t\t\t\t\t<\/div>\n\t\t\t\t\n\t\t\t\t\t\t\t\t\t<div class=\"elementor-cta__button-wrapper elementor-cta__content-item elementor-content-item elementor-animated-item--grow\">\n\t\t\t\t\t<span class=\"elementor-cta__button elementor-button elementor-size-\">\n\t\t\t\t\t\tR\u00e9server\t\t\t\t\t<\/span>\n\t\t\t\t\t<\/div>\n\t\t\t\t\t\t\t<\/div>\n\t\t\t\t\t\t<\/a>\n\t\t\t\t\t\t<\/div>\n\t\t\t\t<\/div>\n\t\t\t\t<\/div>\n\t\t<div class=\"elementor-element elementor-element-154f400 e-con-full e-flex e-con e-child\" data-id=\"154f400\" data-element_type=\"container\" data-e-type=\"container\">\n\t\t\t\t<div class=\"elementor-element elementor-element-1a5b496 elementor-cta--skin-cover elementor-animated-content elementor-bg-transform elementor-bg-transform-zoom-in elementor-widget elementor-widget-call-to-action\" data-id=\"1a5b496\" data-element_type=\"widget\" data-e-type=\"widget\" data-widget_type=\"call-to-action.default\">\n\t\t\t\t<div class=\"elementor-widget-container\">\n\t\t\t\t\t\t\t<a class=\"elementor-cta\" href=\"https:\/\/www.immosol.fr\/location\/appartement-cannes-suquet-3-pieces-duplex-mas1415-371136.html\">\n\t\t\t\t\t<div class=\"elementor-cta__bg-wrapper\">\n\t\t\t\t<div class=\"elementor-cta__bg elementor-bg\" style=\"background-image: url(https:\/\/www.immosol.fr\/blog\/wp-content\/uploads\/2026\/02\/suquet-3-pieces-duplex.jpg);\" role=\"img\" aria-label=\"suquet 3 pi\u00e8ces duplex cannes\"><\/div>\n\t\t\t\t<div class=\"elementor-cta__bg-overlay\"><\/div>\n\t\t\t<\/div>\n\t\t\t\t\t\t\t<div class=\"elementor-cta__content\">\n\t\t\t\t\n\t\t\t\t\t\t\t\t\t<h3 class=\"elementor-cta__title elementor-cta__content-item elementor-content-item elementor-animated-item--grow\">\n\t\t\t\t\t\tSuquet 3 pi\u00e8ces duplex\t\t\t\t\t<\/h3>\n\t\t\t\t\n\t\t\t\t\t\t\t\t\t<div class=\"elementor-cta__description elementor-cta__content-item elementor-content-item elementor-animated-item--grow\">\n\t\t\t\t\t\tD\u00e8s 497\u20ac\/nuit \n<br>\nMAS1415\t\t\t\t\t<\/div>\n\t\t\t\t\n\t\t\t\t\t\t\t\t\t<div class=\"elementor-cta__button-wrapper elementor-cta__content-item elementor-content-item elementor-animated-item--grow\">\n\t\t\t\t\t<span class=\"elementor-cta__button elementor-button elementor-size-\">\n\t\t\t\t\t\tR\u00e9server\t\t\t\t\t<\/span>\n\t\t\t\t\t<\/div>\n\t\t\t\t\t\t\t<\/div>\n\t\t\t\t\t\t<\/a>\n\t\t\t\t\t\t<\/div>\n\t\t\t\t<\/div>\n\t\t\t\t<\/div>\n\t\t\t\t\t<\/div>\n\t\t\t\t<\/div>\n\t\t<div class=\"elementor-element elementor-element-c3d6c6b e-flex e-con-boxed e-con e-parent\" data-id=\"c3d6c6b\" data-element_type=\"container\" data-e-type=\"container\">\n\t\t\t\t\t<div class=\"e-con-inner\">\n\t\t<div class=\"elementor-element elementor-element-c762ac3 e-con-full e-flex e-con e-child\" data-id=\"c762ac3\" data-element_type=\"container\" data-e-type=\"container\">\n\t\t\t\t<div class=\"elementor-element elementor-element-fa0b4a7 elementor-cta--skin-cover elementor-animated-content elementor-bg-transform elementor-bg-transform-zoom-in elementor-widget elementor-widget-call-to-action\" data-id=\"fa0b4a7\" data-element_type=\"widget\" data-e-type=\"widget\" data-widget_type=\"call-to-action.default\">\n\t\t\t\t<div class=\"elementor-widget-container\">\n\t\t\t\t\t\t\t<a class=\"elementor-cta\" href=\"https:\/\/www.immosol.fr\/location\/appartement-cannes-suf3108-2-pieces-moderne-bien-equippe-310170.html\">\n\t\t\t\t\t<div class=\"elementor-cta__bg-wrapper\">\n\t\t\t\t<div class=\"elementor-cta__bg elementor-bg\" style=\"background-image: url(https:\/\/www.immosol.fr\/blog\/wp-content\/uploads\/2026\/02\/appartement-3-personnes-cannes.jpg);\" role=\"img\" aria-label=\"appartement 3 personnes cannes\"><\/div>\n\t\t\t\t<div class=\"elementor-cta__bg-overlay\"><\/div>\n\t\t\t<\/div>\n\t\t\t\t\t\t\t<div class=\"elementor-cta__content\">\n\t\t\t\t\n\t\t\t\t\t\t\t\t\t<h3 class=\"elementor-cta__title elementor-cta__content-item elementor-content-item elementor-animated-item--grow\">\n\t\t\t\t\t\tAppartement 3 personnes\t\t\t\t\t<\/h3>\n\t\t\t\t\n\t\t\t\t\t\t\t\t\t<div class=\"elementor-cta__description elementor-cta__content-item elementor-content-item elementor-animated-item--grow\">\n\t\t\t\t\t\tD\u00e8s 607\u20ac\/nuit<br>\nSUF3108\t\t\t\t\t<\/div>\n\t\t\t\t\n\t\t\t\t\t\t\t\t\t<div class=\"elementor-cta__button-wrapper elementor-cta__content-item elementor-content-item elementor-animated-item--grow\">\n\t\t\t\t\t<span class=\"elementor-cta__button elementor-button elementor-size-\">\n\t\t\t\t\t\tR\u00e9server\t\t\t\t\t<\/span>\n\t\t\t\t\t<\/div>\n\t\t\t\t\t\t\t<\/div>\n\t\t\t\t\t\t<\/a>\n\t\t\t\t\t\t<\/div>\n\t\t\t\t<\/div>\n\t\t\t\t<\/div>\n\t\t<div class=\"elementor-element elementor-element-3631713 e-con-full e-flex e-con e-child\" data-id=\"3631713\" data-element_type=\"container\" data-e-type=\"container\">\n\t\t\t\t<\/div>\n\t\t<div class=\"elementor-element elementor-element-78f3d41 e-con-full e-flex e-con e-child\" data-id=\"78f3d41\" data-element_type=\"container\" data-e-type=\"container\">\n\t\t\t\t<\/div>\n\t\t<div class=\"elementor-element elementor-element-f90d8b0 e-con-full e-flex e-con e-child\" data-id=\"f90d8b0\" data-element_type=\"container\" data-e-type=\"container\">\n\t\t\t\t<\/div>\n\t\t\t\t\t<\/div>\n\t\t\t\t<\/div>\n\t\t<div class=\"elementor-element elementor-element-7eab5e4 e-flex e-con-boxed e-con e-parent\" data-id=\"7eab5e4\" data-element_type=\"container\" data-e-type=\"container\">\n\t\t\t\t\t<div class=\"e-con-inner\">\n\t\t\t\t<div class=\"elementor-element elementor-element-1563f165 elementor-align-center elementor-widget elementor-widget-button\" data-id=\"1563f165\" data-element_type=\"widget\" data-e-type=\"widget\" data-widget_type=\"button.default\">\n\t\t\t\t<div class=\"elementor-widget-container\">\n\t\t\t\t\t\t\t\t\t<div class=\"elementor-button-wrapper\">\n\t\t\t\t\t<a class=\"elementor-button elementor-button-link elementor-size-sm\" href=\"https:\/\/www.immosol.fr\/location\/locations-cannes-d33231\/tag-mipim\/\">\n\t\t\t\t\t\t<span class=\"elementor-button-content-wrapper\">\n\t\t\t\t\t\t\t\t\t<span class=\"elementor-button-text\">Voir plus<\/span>\n\t\t\t\t\t<\/span>\n\t\t\t\t\t<\/a>\n\t\t\t\t<\/div>\n\t\t\t\t\t\t\t\t<\/div>\n\t\t\t\t<\/div>\n\t\t\t\t\t<\/div>\n\t\t\t\t<\/div>\n\t\t\t\t<\/div>\n\t\t","protected":false},"excerpt":{"rendered":"<p>-5% de r\u00e9duction imm\u00e9diate sur une s\u00e9lection de locations de vacances pour votre s\u00e9jour du 7\/03\/2026 au 14\/03\/2026 \u00e0 l&#8217;occasion du MIPIM \u00e0 Cannes. Appartement 4 personnes D\u00e8s 123\u20ac\/nuit FON5581 R\u00e9server Studio Montfleury D\u00e8s 90\u20ac\/nuit GUES409 R\u00e9server Appartement vue mer D\u00e8s 216\u20ac\/nuit BELLAVISTA R\u00e9server Suquet 3 pi\u00e8ces duplex D\u00e8s 497\u20ac\/nuit MAS1415 R\u00e9server Appartement 3 personnes [&hellip;]<\/p>\n","protected":false},"author":3,"featured_media":2954,"parent":0,"menu_order":0,"comment_status":"closed","ping_status":"closed","template":"","meta":{"footnotes":""},"class_list":["post-2952","page","type-page","status-publish","has-post-thumbnail","hentry"],"yoast_head":"<!-- This site is optimized with the Yoast SEO plugin v27.3 - https:\/\/yoast.com\/product\/yoast-seo-wordpress\/ -->\n<title>Offres exclusives pour le MIPIM 2026 | Immosol<\/title>\n<meta name=\"description\" content=\"-5% de r\u00e9duction sur une s\u00e9lection de locations de vacances \u00e0 Cannes, \u00e0 l&#039;occasion du MIPIM 2026. Cliquez ici !\" \/>\n<meta name=\"robots\" content=\"noindex, nofollow\" \/>\n<meta property=\"og:locale\" content=\"fr_FR\" \/>\n<meta property=\"og:type\" content=\"article\" \/>\n<meta property=\"og:title\" content=\"Offres exclusives pour le MIPIM 2026 | Immosol\" \/>\n<meta property=\"og:description\" content=\"-5% de r\u00e9duction sur une s\u00e9lection de locations de vacances \u00e0 Cannes, \u00e0 l&#039;occasion du MIPIM 2026. Cliquez ici !\" \/>\n<meta property=\"og:url\" content=\"https:\/\/www.immosol.fr\/blog\/offres-exclusives-cannes\/\" \/>\n<meta property=\"og:site_name\" content=\"Tourist Information Cannes\" \/>\n<meta property=\"article:publisher\" content=\"https:\/\/www.facebook.com\/Immosol\/\" \/>\n<meta property=\"article:modified_time\" content=\"2026-03-13T14:37:07+00:00\" \/>\n<meta property=\"og:image\" content=\"https:\/\/www.immosol.fr\/blog\/wp-content\/uploads\/2025\/01\/offres-cannes.jpg\" \/>\n\t<meta property=\"og:image:width\" content=\"1920\" \/>\n\t<meta property=\"og:image:height\" content=\"650\" \/>\n\t<meta property=\"og:image:type\" content=\"image\/jpeg\" \/>\n<meta name=\"twitter:card\" content=\"summary_large_image\" \/>\n<meta name=\"twitter:label1\" content=\"Est. reading time\" \/>\n\t<meta name=\"twitter:data1\" content=\"1 minute\" \/>\n<script type=\"application\/ld+json\" class=\"yoast-schema-graph\">{\"@context\":\"https:\\\/\\\/schema.org\",\"@graph\":[{\"@type\":\"WebPage\",\"@id\":\"https:\\\/\\\/www.immosol.fr\\\/blog\\\/offres-exclusives-cannes\\\/\",\"url\":\"https:\\\/\\\/www.immosol.fr\\\/blog\\\/offres-exclusives-cannes\\\/\",\"name\":\"Offres exclusives pour le MIPIM 2026 | Immosol\",\"isPartOf\":{\"@id\":\"https:\\\/\\\/www.immosol.fr\\\/blog\\\/#website\"},\"primaryImageOfPage\":{\"@id\":\"https:\\\/\\\/www.immosol.fr\\\/blog\\\/offres-exclusives-cannes\\\/#primaryimage\"},\"image\":{\"@id\":\"https:\\\/\\\/www.immosol.fr\\\/blog\\\/offres-exclusives-cannes\\\/#primaryimage\"},\"thumbnailUrl\":\"https:\\\/\\\/www.immosol.fr\\\/blog\\\/wp-content\\\/uploads\\\/2025\\\/01\\\/offres-cannes.jpg\",\"datePublished\":\"2025-01-23T12:05:28+00:00\",\"dateModified\":\"2026-03-13T14:37:07+00:00\",\"description\":\"-5% de r\u00e9duction sur une s\u00e9lection de locations de vacances \u00e0 Cannes, \u00e0 l'occasion du MIPIM 2026. Cliquez ici !\",\"breadcrumb\":{\"@id\":\"https:\\\/\\\/www.immosol.fr\\\/blog\\\/offres-exclusives-cannes\\\/#breadcrumb\"},\"inLanguage\":\"fr\",\"potentialAction\":[{\"@type\":\"ReadAction\",\"target\":[\"https:\\\/\\\/www.immosol.fr\\\/blog\\\/offres-exclusives-cannes\\\/\"]}]},{\"@type\":\"ImageObject\",\"inLanguage\":\"fr\",\"@id\":\"https:\\\/\\\/www.immosol.fr\\\/blog\\\/offres-exclusives-cannes\\\/#primaryimage\",\"url\":\"https:\\\/\\\/www.immosol.fr\\\/blog\\\/wp-content\\\/uploads\\\/2025\\\/01\\\/offres-cannes.jpg\",\"contentUrl\":\"https:\\\/\\\/www.immosol.fr\\\/blog\\\/wp-content\\\/uploads\\\/2025\\\/01\\\/offres-cannes.jpg\",\"width\":1920,\"height\":650,\"caption\":\"offres cannes\"},{\"@type\":\"BreadcrumbList\",\"@id\":\"https:\\\/\\\/www.immosol.fr\\\/blog\\\/offres-exclusives-cannes\\\/#breadcrumb\",\"itemListElement\":[{\"@type\":\"ListItem\",\"position\":1,\"name\":\"Home\",\"item\":\"https:\\\/\\\/www.immosol.fr\\\/blog\\\/\"},{\"@type\":\"ListItem\",\"position\":2,\"name\":\"Offres exclusives pour le MIPIM 2026 : nos derni\u00e8res disponibilit\u00e9s\"}]},{\"@type\":\"WebSite\",\"@id\":\"https:\\\/\\\/www.immosol.fr\\\/blog\\\/#website\",\"url\":\"https:\\\/\\\/www.immosol.fr\\\/blog\\\/\",\"name\":\"Immosol\",\"description\":\"Immosol\",\"publisher\":{\"@id\":\"https:\\\/\\\/www.immosol.fr\\\/blog\\\/#organization\"},\"potentialAction\":[{\"@type\":\"SearchAction\",\"target\":{\"@type\":\"EntryPoint\",\"urlTemplate\":\"https:\\\/\\\/www.immosol.fr\\\/blog\\\/?s={search_term_string}\"},\"query-input\":{\"@type\":\"PropertyValueSpecification\",\"valueRequired\":true,\"valueName\":\"search_term_string\"}}],\"inLanguage\":\"fr\"},{\"@type\":\"Organization\",\"@id\":\"https:\\\/\\\/www.immosol.fr\\\/blog\\\/#organization\",\"name\":\"Immosol\",\"url\":\"https:\\\/\\\/www.immosol.fr\\\/blog\\\/\",\"logo\":{\"@type\":\"ImageObject\",\"inLanguage\":\"fr\",\"@id\":\"https:\\\/\\\/www.immosol.fr\\\/blog\\\/#\\\/schema\\\/logo\\\/image\\\/\",\"url\":\"https:\\\/\\\/www.immosol.fr\\\/blog\\\/wp-content\\\/uploads\\\/2024\\\/01\\\/immosol-location-saisonniere.png\",\"contentUrl\":\"https:\\\/\\\/www.immosol.fr\\\/blog\\\/wp-content\\\/uploads\\\/2024\\\/01\\\/immosol-location-saisonniere.png\",\"width\":782,\"height\":212,\"caption\":\"Immosol\"},\"image\":{\"@id\":\"https:\\\/\\\/www.immosol.fr\\\/blog\\\/#\\\/schema\\\/logo\\\/image\\\/\"},\"sameAs\":[\"https:\\\/\\\/www.facebook.com\\\/Immosol\\\/\",\"https:\\\/\\\/www.linkedin.com\\\/company\\\/immosol-vacances\\\/about\\\/\"]}]}<\/script>\n<!-- \/ Yoast SEO plugin. -->","yoast_head_json":{"title":"Offres exclusives pour le MIPIM 2026 | Immosol","description":"-5% de r\u00e9duction sur une s\u00e9lection de locations de vacances \u00e0 Cannes, \u00e0 l'occasion du MIPIM 2026. Cliquez ici !","robots":{"index":"noindex","follow":"nofollow"},"og_locale":"fr_FR","og_type":"article","og_title":"Offres exclusives pour le MIPIM 2026 | Immosol","og_description":"-5% de r\u00e9duction sur une s\u00e9lection de locations de vacances \u00e0 Cannes, \u00e0 l'occasion du MIPIM 2026. Cliquez ici !","og_url":"https:\/\/www.immosol.fr\/blog\/offres-exclusives-cannes\/","og_site_name":"Tourist Information Cannes","article_publisher":"https:\/\/www.facebook.com\/Immosol\/","article_modified_time":"2026-03-13T14:37:07+00:00","og_image":[{"width":1920,"height":650,"url":"https:\/\/www.immosol.fr\/blog\/wp-content\/uploads\/2025\/01\/offres-cannes.jpg","type":"image\/jpeg"}],"twitter_card":"summary_large_image","twitter_misc":{"Est. reading time":"1 minute"},"schema":{"@context":"https:\/\/schema.org","@graph":[{"@type":"WebPage","@id":"https:\/\/www.immosol.fr\/blog\/offres-exclusives-cannes\/","url":"https:\/\/www.immosol.fr\/blog\/offres-exclusives-cannes\/","name":"Offres exclusives pour le MIPIM 2026 | Immosol","isPartOf":{"@id":"https:\/\/www.immosol.fr\/blog\/#website"},"primaryImageOfPage":{"@id":"https:\/\/www.immosol.fr\/blog\/offres-exclusives-cannes\/#primaryimage"},"image":{"@id":"https:\/\/www.immosol.fr\/blog\/offres-exclusives-cannes\/#primaryimage"},"thumbnailUrl":"https:\/\/www.immosol.fr\/blog\/wp-content\/uploads\/2025\/01\/offres-cannes.jpg","datePublished":"2025-01-23T12:05:28+00:00","dateModified":"2026-03-13T14:37:07+00:00","description":"-5% de r\u00e9duction sur une s\u00e9lection de locations de vacances \u00e0 Cannes, \u00e0 l'occasion du MIPIM 2026. Cliquez ici !","breadcrumb":{"@id":"https:\/\/www.immosol.fr\/blog\/offres-exclusives-cannes\/#breadcrumb"},"inLanguage":"fr","potentialAction":[{"@type":"ReadAction","target":["https:\/\/www.immosol.fr\/blog\/offres-exclusives-cannes\/"]}]},{"@type":"ImageObject","inLanguage":"fr","@id":"https:\/\/www.immosol.fr\/blog\/offres-exclusives-cannes\/#primaryimage","url":"https:\/\/www.immosol.fr\/blog\/wp-content\/uploads\/2025\/01\/offres-cannes.jpg","contentUrl":"https:\/\/www.immosol.fr\/blog\/wp-content\/uploads\/2025\/01\/offres-cannes.jpg","width":1920,"height":650,"caption":"offres cannes"},{"@type":"BreadcrumbList","@id":"https:\/\/www.immosol.fr\/blog\/offres-exclusives-cannes\/#breadcrumb","itemListElement":[{"@type":"ListItem","position":1,"name":"Home","item":"https:\/\/www.immosol.fr\/blog\/"},{"@type":"ListItem","position":2,"name":"Offres exclusives pour le MIPIM 2026 : nos derni\u00e8res disponibilit\u00e9s"}]},{"@type":"WebSite","@id":"https:\/\/www.immosol.fr\/blog\/#website","url":"https:\/\/www.immosol.fr\/blog\/","name":"Immosol","description":"Immosol","publisher":{"@id":"https:\/\/www.immosol.fr\/blog\/#organization"},"potentialAction":[{"@type":"SearchAction","target":{"@type":"EntryPoint","urlTemplate":"https:\/\/www.immosol.fr\/blog\/?s={search_term_string}"},"query-input":{"@type":"PropertyValueSpecification","valueRequired":true,"valueName":"search_term_string"}}],"inLanguage":"fr"},{"@type":"Organization","@id":"https:\/\/www.immosol.fr\/blog\/#organization","name":"Immosol","url":"https:\/\/www.immosol.fr\/blog\/","logo":{"@type":"ImageObject","inLanguage":"fr","@id":"https:\/\/www.immosol.fr\/blog\/#\/schema\/logo\/image\/","url":"https:\/\/www.immosol.fr\/blog\/wp-content\/uploads\/2024\/01\/immosol-location-saisonniere.png","contentUrl":"https:\/\/www.immosol.fr\/blog\/wp-content\/uploads\/2024\/01\/immosol-location-saisonniere.png","width":782,"height":212,"caption":"Immosol"},"image":{"@id":"https:\/\/www.immosol.fr\/blog\/#\/schema\/logo\/image\/"},"sameAs":["https:\/\/www.facebook.com\/Immosol\/","https:\/\/www.linkedin.com\/company\/immosol-vacances\/about\/"]}]}},"_links":{"self":[{"href":"https:\/\/www.immosol.fr\/blog\/wp-json\/wp\/v2\/pages\/2952","targetHints":{"allow":["GET"]}}],"collection":[{"href":"https:\/\/www.immosol.fr\/blog\/wp-json\/wp\/v2\/pages"}],"about":[{"href":"https:\/\/www.immosol.fr\/blog\/wp-json\/wp\/v2\/types\/page"}],"author":[{"embeddable":true,"href":"https:\/\/www.immosol.fr\/blog\/wp-json\/wp\/v2\/users\/3"}],"replies":[{"embeddable":true,"href":"https:\/\/www.immosol.fr\/blog\/wp-json\/wp\/v2\/comments?post=2952"}],"version-history":[{"count":95,"href":"https:\/\/www.immosol.fr\/blog\/wp-json\/wp\/v2\/pages\/2952\/revisions"}],"predecessor-version":[{"id":6335,"href":"https:\/\/www.immosol.fr\/blog\/wp-json\/wp\/v2\/pages\/2952\/revisions\/6335"}],"wp:featuredmedia":[{"embeddable":true,"href":"https:\/\/www.immosol.fr\/blog\/wp-json\/wp\/v2\/media\/2954"}],"wp:attachment":[{"href":"https:\/\/www.immosol.fr\/blog\/wp-json\/wp\/v2\/media?parent=2952"}],"curies":[{"name":"wp","href":"https:\/\/api.w.org\/{rel}","templated":true}]}}